{"id":45,"date":"2025-05-26T18:24:43","date_gmt":"2025-05-26T18:24:43","guid":{"rendered":"https:\/\/firstclasscdlacademy.com\/services\/"},"modified":"2025-06-13T19:35:34","modified_gmt":"2025-06-13T19:35:34","slug":"our-process","status":"publish","type":"page","link":"https:\/\/firstclasscdlacademy.com\/es\/our-process\/","title":{"rendered":"Our Process"},"content":{"rendered":"<div data-elementor-type=\"wp-page\" data-elementor-id=\"45\" class=\"elementor elementor-45\">\n\t\t\t\t<div class=\"elementor-element elementor-element-18388af e-flex e-con-boxed e-con e-parent\" data-id=\"18388af\" data-element_type=\"container\" data-e-type=\"container\" data-settings=\"{&quot;background_background&quot;:&quot;classic&quot;}\">\n\t\t\t\t\t<div class=\"e-con-inner\">\n\t\t<div class=\"elementor-element elementor-element-5ea8a60 e-con-full e-flex e-con e-child\" data-id=\"5ea8a60\" data-element_type=\"container\" data-e-type=\"container\">\n\t\t\t\t<div class=\"elementor-element elementor-element-0c3541e animated-slow elementor-invisible elementor-widget elementor-widget-heading\" data-id=\"0c3541e\" data-element_type=\"widget\" data-e-type=\"widget\" data-settings=\"{&quot;_animation&quot;:&quot;fadeInUp&quot;}\" data-widget_type=\"heading.default\">\n\t\t\t\t<div class=\"elementor-widget-container\">\n\t\t\t\t\t<h1 class=\"elementor-heading-title elementor-size-default\"><b>LO QUE<br>NECESIDAD DE<br>CONOZCA<\/h1>\t\t\t\t<\/div>\n\t\t\t\t<\/div>\n\t\t\t\t<\/div>\n\t\t\t\t\t<\/div>\n\t\t\t\t<\/div>\n\t\t<div class=\"elementor-element elementor-element-20153e3 e-flex e-con-boxed e-con e-parent\" data-id=\"20153e3\" data-element_type=\"container\" data-e-type=\"container\">\n\t\t\t\t\t<div class=\"e-con-inner\">\n\t\t<div class=\"elementor-element elementor-element-8e07eb3 e-con-full e-flex e-con e-child\" data-id=\"8e07eb3\" data-element_type=\"container\" data-e-type=\"container\">\n\t\t\t\t<div class=\"elementor-element elementor-element-bde1082 elementor-widget elementor-widget-heading\" data-id=\"bde1082\" data-element_type=\"widget\" data-e-type=\"widget\" data-widget_type=\"heading.default\">\n\t\t\t\t<div class=\"elementor-widget-container\">\n\t\t\t\t\t<h3 class=\"elementor-heading-title elementor-size-default\">Paso 1: Documentos necesarios<br>Para la formaci\u00f3n CLP de Clase A<\/h3>\t\t\t\t<\/div>\n\t\t\t\t<\/div>\n\t\t\t\t<div class=\"elementor-element elementor-element-3586669 elementor-widget elementor-widget-text-editor\" data-id=\"3586669\" data-element_type=\"widget\" data-e-type=\"widget\" data-widget_type=\"text-editor.default\">\n\t\t\t\t<div class=\"elementor-widget-container\">\n\t\t\t\t\t\t\t\t\t<p>Lo siguiente es obligatorio y requerido para su Permiso de Aprendizaje Comercial (CLP):<\/p>\t\t\t\t\t\t\t\t<\/div>\n\t\t\t\t<\/div>\n\t\t\t\t<div class=\"elementor-element elementor-element-9fe67e2 elementor-widget-divider--view-line elementor-widget elementor-widget-divider\" data-id=\"9fe67e2\" data-element_type=\"widget\" data-e-type=\"widget\" data-widget_type=\"divider.default\">\n\t\t\t\t<div class=\"elementor-widget-container\">\n\t\t\t\t\t\t\t<div class=\"elementor-divider\">\n\t\t\t<span class=\"elementor-divider-separator\">\n\t\t\t\t\t\t<\/span>\n\t\t<\/div>\n\t\t\t\t\t\t<\/div>\n\t\t\t\t<\/div>\n\t\t\t\t<div class=\"elementor-element elementor-element-c9cc5e4 animated-slow elementor-invisible elementor-widget elementor-widget-text-editor\" data-id=\"c9cc5e4\" data-element_type=\"widget\" data-e-type=\"widget\" data-settings=\"{&quot;_animation&quot;:&quot;fadeInUp&quot;}\" data-widget_type=\"text-editor.default\">\n\t\t\t\t<div class=\"elementor-widget-container\">\n\t\t\t\t\t\t\t\t\t<ol><li><b>Estado de Texas<\/b> Permiso de conducir expedido<\/li><li><b>Prueba de ciudadan\u00eda estadounidense<\/b> o <b>Prueba de la presencia legal<\/b><\/li><li>N\u00famero de la Seguridad Social<\/li><li>Tarjeta m\u00e9dica del Departamento de Transporte (DOT)<\/li><li>Dos (2) Prueba de residencia en Texas<\/li><li>Gafas, si las lleva<\/li><li>Tasa de examen CLP de 25 $.<\/li><\/ol>\t\t\t\t\t\t\t\t<\/div>\n\t\t\t\t<\/div>\n\t\t\t\t<div class=\"elementor-element elementor-element-1e9fbf0 elementor-widget elementor-widget-latepoint_book_button\" data-id=\"1e9fbf0\" data-element_type=\"widget\" data-e-type=\"widget\" data-widget_type=\"latepoint_book_button.default\">\n\t\t\t\t<div class=\"elementor-widget-container\">\n\t\t\t\t\t<div class=\"latepoint-book-button-wrapper elementor-button-wrapper\"><a href=\"#\" class=\"latepoint-book-button os_trigger_booking elementor-button elementor-button-link elementor-size-sm\" data-hide-side-panel=\"no\" data-hide-summary=\"no\" >Concierte una cita<\/a><\/div>\t\t\t\t<\/div>\n\t\t\t\t<\/div>\n\t\t\t\t<\/div>\n\t\t<div class=\"elementor-element elementor-element-a1aa49f e-con-full e-flex e-con e-child\" data-id=\"a1aa49f\" data-element_type=\"container\" data-e-type=\"container\">\n\t\t\t\t<div class=\"elementor-element elementor-element-b736a41 elementor-widget elementor-widget-image\" data-id=\"b736a41\" data-element_type=\"widget\" data-e-type=\"widget\" data-widget_type=\"image.default\">\n\t\t\t\t<div class=\"elementor-widget-container\">\n\t\t\t\t\t\t\t\t\t\t\t\t\t\t\t<img fetchpriority=\"high\" decoding=\"async\" width=\"600\" height=\"600\" src=\"https:\/\/firstclasscdlacademy.com\/wp-content\/uploads\/2025\/06\/Required-documents.jpg\" class=\"attachment-full size-full wp-image-1528\" alt=\"\" srcset=\"https:\/\/firstclasscdlacademy.com\/wp-content\/uploads\/2025\/06\/Required-documents.jpg 600w, https:\/\/firstclasscdlacademy.com\/wp-content\/uploads\/2025\/06\/Required-documents-300x300.jpg 300w, https:\/\/firstclasscdlacademy.com\/wp-content\/uploads\/2025\/06\/Required-documents-150x150.jpg 150w\" sizes=\"(max-width: 600px) 100vw, 600px\" \/>\t\t\t\t\t\t\t\t\t\t\t\t\t\t\t<\/div>\n\t\t\t\t<\/div>\n\t\t\t\t<\/div>\n\t\t\t\t\t<\/div>\n\t\t\t\t<\/div>\n\t\t<div class=\"elementor-element elementor-element-faccca0 e-flex e-con-boxed e-con e-parent\" data-id=\"faccca0\" data-element_type=\"container\" data-e-type=\"container\">\n\t\t\t\t\t<div class=\"e-con-inner\">\n\t\t<div class=\"elementor-element elementor-element-47fc71e e-con-full e-flex e-con e-child\" data-id=\"47fc71e\" data-element_type=\"container\" data-e-type=\"container\">\n\t\t\t\t<div class=\"elementor-element elementor-element-82c9827 elementor-widget elementor-widget-image\" data-id=\"82c9827\" data-element_type=\"widget\" data-e-type=\"widget\" data-widget_type=\"image.default\">\n\t\t\t\t<div class=\"elementor-widget-container\">\n\t\t\t\t\t\t\t\t\t\t\t\t\t\t\t<img decoding=\"async\" width=\"600\" height=\"600\" src=\"https:\/\/firstclasscdlacademy.com\/wp-content\/uploads\/2025\/06\/study-materials.jpg\" class=\"attachment-full size-full wp-image-1587\" alt=\"\" srcset=\"https:\/\/firstclasscdlacademy.com\/wp-content\/uploads\/2025\/06\/study-materials.jpg 600w, https:\/\/firstclasscdlacademy.com\/wp-content\/uploads\/2025\/06\/study-materials-300x300.jpg 300w, https:\/\/firstclasscdlacademy.com\/wp-content\/uploads\/2025\/06\/study-materials-150x150.jpg 150w\" sizes=\"(max-width: 600px) 100vw, 600px\" \/>\t\t\t\t\t\t\t\t\t\t\t\t\t\t\t<\/div>\n\t\t\t\t<\/div>\n\t\t\t\t<\/div>\n\t\t<div class=\"elementor-element elementor-element-01dfd78 e-con-full e-flex e-con e-child\" data-id=\"01dfd78\" data-element_type=\"container\" data-e-type=\"container\">\n\t\t\t\t<div class=\"elementor-element elementor-element-0f308db elementor-widget elementor-widget-heading\" data-id=\"0f308db\" data-element_type=\"widget\" data-e-type=\"widget\" data-widget_type=\"heading.default\">\n\t\t\t\t<div class=\"elementor-widget-container\">\n\t\t\t\t\t<h3 class=\"elementor-heading-title elementor-size-default\">Paso 2 y 3: Tarjeta M\u00e9dica DOT y Material de Estudio CLP<\/h3>\t\t\t\t<\/div>\n\t\t\t\t<\/div>\n\t\t\t\t<div class=\"elementor-element elementor-element-cca2093 elementor-widget-divider--view-line elementor-widget elementor-widget-divider\" data-id=\"cca2093\" data-element_type=\"widget\" data-e-type=\"widget\" data-widget_type=\"divider.default\">\n\t\t\t\t<div class=\"elementor-widget-container\">\n\t\t\t\t\t\t\t<div class=\"elementor-divider\">\n\t\t\t<span class=\"elementor-divider-separator\">\n\t\t\t\t\t\t<\/span>\n\t\t<\/div>\n\t\t\t\t\t\t<\/div>\n\t\t\t\t<\/div>\n\t\t\t\t<div class=\"elementor-element elementor-element-e57d14a animated-slow elementor-invisible elementor-widget elementor-widget-heading\" data-id=\"e57d14a\" data-element_type=\"widget\" data-e-type=\"widget\" data-settings=\"{&quot;_animation&quot;:&quot;fadeInUp&quot;}\" data-widget_type=\"heading.default\">\n\t\t\t\t<div class=\"elementor-widget-container\">\n\t\t\t\t\t<h5 class=\"elementor-heading-title elementor-size-default\">Paso 2: TARJETA M\u00c9DICA DOT<\/h5>\t\t\t\t<\/div>\n\t\t\t\t<\/div>\n\t\t\t\t<div class=\"elementor-element elementor-element-f44a9ce animated-slow elementor-invisible elementor-widget elementor-widget-text-editor\" data-id=\"f44a9ce\" data-element_type=\"widget\" data-e-type=\"widget\" data-settings=\"{&quot;_animation&quot;:&quot;fadeInUp&quot;}\" data-widget_type=\"text-editor.default\">\n\t\t\t\t<div class=\"elementor-widget-container\">\n\t\t\t\t\t\t\t\t\tPuede visitar uno de nuestros socios, <b>Dr. Maghsoudi<\/b> at <br><b>12315 Westheimemer Road, Suite A, Houston TX 77077<\/b><br>N\u00famero de tel\u00e9fono: <a href=\"tel:2818354368\">281-835-4368<\/a> <br>para obtener su tarjeta m\u00e9dica DOT\t\t\t\t\t\t\t\t<\/div>\n\t\t\t\t<\/div>\n\t\t\t\t<div class=\"elementor-element elementor-element-e03feff animated-slow elementor-invisible elementor-widget elementor-widget-heading\" data-id=\"e03feff\" data-element_type=\"widget\" data-e-type=\"widget\" data-settings=\"{&quot;_animation&quot;:&quot;fadeInUp&quot;}\" data-widget_type=\"heading.default\">\n\t\t\t\t<div class=\"elementor-widget-container\">\n\t\t\t\t\t<h5 class=\"elementor-heading-title elementor-size-default\">Inicio 3: Material de estudio para el permiso de aprendizaje comercial<\/h5>\t\t\t\t<\/div>\n\t\t\t\t<\/div>\n\t\t\t\t<div class=\"elementor-element elementor-element-d664010 animated-slow elementor-invisible elementor-widget elementor-widget-text-editor\" data-id=\"d664010\" data-element_type=\"widget\" data-e-type=\"widget\" data-settings=\"{&quot;_animation&quot;:&quot;fadeInUp&quot;}\" data-widget_type=\"text-editor.default\">\n\t\t\t\t<div class=\"elementor-widget-container\">\n\t\t\t\t\t\t\t\t\t<p>Le enviaremos un enlace a su n\u00famero de m\u00f3vil o v\u00eda Whatsapp (flexi quiz, CDL prep &amp; DMVGenie)<\/p>\t\t\t\t\t\t\t\t<\/div>\n\t\t\t\t<\/div>\n\t\t\t\t<div class=\"elementor-element elementor-element-561332e elementor-widget elementor-widget-latepoint_book_button\" data-id=\"561332e\" data-element_type=\"widget\" data-e-type=\"widget\" data-widget_type=\"latepoint_book_button.default\">\n\t\t\t\t<div class=\"elementor-widget-container\">\n\t\t\t\t\t<div class=\"latepoint-book-button-wrapper elementor-button-wrapper\"><a href=\"#\" class=\"latepoint-book-button os_trigger_booking elementor-button elementor-button-link elementor-size-sm\" data-hide-side-panel=\"no\" data-hide-summary=\"no\" >Concierte una cita<\/a><\/div>\t\t\t\t<\/div>\n\t\t\t\t<\/div>\n\t\t\t\t<\/div>\n\t\t\t\t\t<\/div>\n\t\t\t\t<\/div>\n\t\t<div class=\"elementor-element elementor-element-0788cf9 e-flex e-con-boxed e-con e-parent\" data-id=\"0788cf9\" data-element_type=\"container\" data-e-type=\"container\">\n\t\t\t\t\t<div class=\"e-con-inner\">\n\t\t<div class=\"elementor-element elementor-element-0e11a1f e-con-full e-flex e-con e-child\" data-id=\"0e11a1f\" data-element_type=\"container\" data-e-type=\"container\">\n\t\t\t\t<div class=\"elementor-element elementor-element-a345aac elementor-widget elementor-widget-heading\" data-id=\"a345aac\" data-element_type=\"widget\" data-e-type=\"widget\" data-widget_type=\"heading.default\">\n\t\t\t\t<div class=\"elementor-widget-container\">\n\t\t\t\t\t<h3 class=\"elementor-heading-title elementor-size-default\">Pasos 4 y 5: CLP y formaci\u00f3n al volante<\/h3>\t\t\t\t<\/div>\n\t\t\t\t<\/div>\n\t\t\t\t<div class=\"elementor-element elementor-element-7d7f35a elementor-widget-divider--view-line elementor-widget elementor-widget-divider\" data-id=\"7d7f35a\" data-element_type=\"widget\" data-e-type=\"widget\" data-widget_type=\"divider.default\">\n\t\t\t\t<div class=\"elementor-widget-container\">\n\t\t\t\t\t\t\t<div class=\"elementor-divider\">\n\t\t\t<span class=\"elementor-divider-separator\">\n\t\t\t\t\t\t<\/span>\n\t\t<\/div>\n\t\t\t\t\t\t<\/div>\n\t\t\t\t<\/div>\n\t\t\t\t<div class=\"elementor-element elementor-element-4fe0412 animated-slow elementor-invisible elementor-widget elementor-widget-heading\" data-id=\"4fe0412\" data-element_type=\"widget\" data-e-type=\"widget\" data-settings=\"{&quot;_animation&quot;:&quot;fadeInUp&quot;}\" data-widget_type=\"heading.default\">\n\t\t\t\t<div class=\"elementor-widget-container\">\n\t\t\t\t\t<h5 class=\"elementor-heading-title elementor-size-default\">Step 4: Commercial Learners Permit<\/h5>\t\t\t\t<\/div>\n\t\t\t\t<\/div>\n\t\t\t\t<div class=\"elementor-element elementor-element-8ae4c66 animated-slow elementor-invisible elementor-widget elementor-widget-text-editor\" data-id=\"8ae4c66\" data-element_type=\"widget\" data-e-type=\"widget\" data-settings=\"{&quot;_animation&quot;:&quot;fadeInUp&quot;}\" data-widget_type=\"text-editor.default\">\n\t\t\t\t<div class=\"elementor-widget-container\">\n\t\t\t\t\t\t\t\t\t<ol><li style=\"list-style-type: none;\"><ol><li>Requisitos especiales - 20 Test<\/li><li>Conocimientos generales - 50 tests<\/li><li>Combinaci\u00f3n - 20 pruebas<\/li><li>Frenos de aire - 25 pruebas<\/li><\/ol><\/li><\/ol>\t\t\t\t\t\t\t\t<\/div>\n\t\t\t\t<\/div>\n\t\t\t\t<div class=\"elementor-element elementor-element-5d273be animated-slow elementor-invisible elementor-widget elementor-widget-text-editor\" data-id=\"5d273be\" data-element_type=\"widget\" data-e-type=\"widget\" data-settings=\"{&quot;_animation&quot;:&quot;fadeInUp&quot;}\" data-widget_type=\"text-editor.default\">\n\t\t\t\t<div class=\"elementor-widget-container\">\n\t\t\t\t\t\t\t\t\t<p><b>Nota: Los alumnos disponen de tres (3) ensayos para cada prueba<\/b><\/p>\t\t\t\t\t\t\t\t<\/div>\n\t\t\t\t<\/div>\n\t\t\t\t<div class=\"elementor-element elementor-element-47f60d4 animated-slow elementor-invisible elementor-widget elementor-widget-heading\" data-id=\"47f60d4\" data-element_type=\"widget\" data-e-type=\"widget\" data-settings=\"{&quot;_animation&quot;:&quot;fadeInUp&quot;}\" data-widget_type=\"heading.default\">\n\t\t\t\t<div class=\"elementor-widget-container\">\n\t\t\t\t\t<h5 class=\"elementor-heading-title elementor-size-default\">Paso 5: Formaci\u00f3n al volante<\/h5>\t\t\t\t<\/div>\n\t\t\t\t<\/div>\n\t\t\t\t<div class=\"elementor-element elementor-element-f97210b animated-slow elementor-invisible elementor-widget elementor-widget-text-editor\" data-id=\"f97210b\" data-element_type=\"widget\" data-e-type=\"widget\" data-settings=\"{&quot;_animation&quot;:&quot;fadeInUp&quot;}\" data-widget_type=\"text-editor.default\">\n\t\t\t\t<div class=\"elementor-widget-container\">\n\t\t\t\t\t\t\t\t\t<ol><li>Inspecci\u00f3n previa al viaje<\/li><li>Maniobras<\/li><li>Prueba en carretera<\/li><\/ol>\t\t\t\t\t\t\t\t<\/div>\n\t\t\t\t<\/div>\n\t\t\t\t<div class=\"elementor-element elementor-element-c5808d4 elementor-widget elementor-widget-latepoint_book_button\" data-id=\"c5808d4\" data-element_type=\"widget\" data-e-type=\"widget\" data-widget_type=\"latepoint_book_button.default\">\n\t\t\t\t<div class=\"elementor-widget-container\">\n\t\t\t\t\t<div class=\"latepoint-book-button-wrapper elementor-button-wrapper\"><a href=\"#\" class=\"latepoint-book-button os_trigger_booking elementor-button elementor-button-link elementor-size-sm\" data-hide-side-panel=\"no\" data-hide-summary=\"no\" >Concierte una cita<\/a><\/div>\t\t\t\t<\/div>\n\t\t\t\t<\/div>\n\t\t\t\t<\/div>\n\t\t<div class=\"elementor-element elementor-element-3fe2c1a e-con-full e-flex e-con e-child\" data-id=\"3fe2c1a\" data-element_type=\"container\" data-e-type=\"container\">\n\t\t\t\t<div class=\"elementor-element elementor-element-c8f34de elementor-widget elementor-widget-image\" data-id=\"c8f34de\" data-element_type=\"widget\" data-e-type=\"widget\" data-widget_type=\"image.default\">\n\t\t\t\t<div class=\"elementor-widget-container\">\n\t\t\t\t\t\t\t\t\t\t\t\t\t\t\t<img decoding=\"async\" width=\"600\" height=\"600\" src=\"https:\/\/firstclasscdlacademy.com\/wp-content\/uploads\/2025\/06\/Road-Test.jpg\" class=\"attachment-full size-full wp-image-1562\" alt=\"\" srcset=\"https:\/\/firstclasscdlacademy.com\/wp-content\/uploads\/2025\/06\/Road-Test.jpg 600w, https:\/\/firstclasscdlacademy.com\/wp-content\/uploads\/2025\/06\/Road-Test-300x300.jpg 300w, https:\/\/firstclasscdlacademy.com\/wp-content\/uploads\/2025\/06\/Road-Test-150x150.jpg 150w\" sizes=\"(max-width: 600px) 100vw, 600px\" \/>\t\t\t\t\t\t\t\t\t\t\t\t\t\t\t<\/div>\n\t\t\t\t<\/div>\n\t\t\t\t<\/div>\n\t\t\t\t\t<\/div>\n\t\t\t\t<\/div>\n\t\t<div class=\"elementor-element elementor-element-123ba85 e-flex e-con-boxed e-con e-parent\" data-id=\"123ba85\" data-element_type=\"container\" data-e-type=\"container\">\n\t\t\t\t\t<div class=\"e-con-inner\">\n\t\t<div class=\"elementor-element elementor-element-b2ec4a2 e-con-full e-flex e-con e-child\" data-id=\"b2ec4a2\" data-element_type=\"container\" data-e-type=\"container\">\n\t\t\t\t<div class=\"elementor-element elementor-element-2bfd8f1 elementor-widget elementor-widget-image\" data-id=\"2bfd8f1\" data-element_type=\"widget\" data-e-type=\"widget\" data-widget_type=\"image.default\">\n\t\t\t\t<div class=\"elementor-widget-container\">\n\t\t\t\t\t\t\t\t\t\t\t\t\t\t\t<img loading=\"lazy\" decoding=\"async\" width=\"600\" height=\"600\" src=\"https:\/\/firstclasscdlacademy.com\/wp-content\/uploads\/2025\/06\/final-road-test.jpg\" class=\"attachment-full size-full wp-image-1591\" alt=\"\" srcset=\"https:\/\/firstclasscdlacademy.com\/wp-content\/uploads\/2025\/06\/final-road-test.jpg 600w, https:\/\/firstclasscdlacademy.com\/wp-content\/uploads\/2025\/06\/final-road-test-300x300.jpg 300w, https:\/\/firstclasscdlacademy.com\/wp-content\/uploads\/2025\/06\/final-road-test-150x150.jpg 150w\" sizes=\"(max-width: 600px) 100vw, 600px\" \/>\t\t\t\t\t\t\t\t\t\t\t\t\t\t\t<\/div>\n\t\t\t\t<\/div>\n\t\t\t\t<\/div>\n\t\t<div class=\"elementor-element elementor-element-38e0dd4 e-con-full e-flex e-con e-child\" data-id=\"38e0dd4\" data-element_type=\"container\" data-e-type=\"container\">\n\t\t\t\t<div class=\"elementor-element elementor-element-38c1f3f elementor-widget elementor-widget-heading\" data-id=\"38c1f3f\" data-element_type=\"widget\" data-e-type=\"widget\" data-widget_type=\"heading.default\">\n\t\t\t\t<div class=\"elementor-widget-container\">\n\t\t\t\t\t<h3 class=\"elementor-heading-title elementor-size-default\">Paso 6: Prueba final en carretera<\/h3>\t\t\t\t<\/div>\n\t\t\t\t<\/div>\n\t\t\t\t<div class=\"elementor-element elementor-element-c0e1a60 elementor-widget-divider--view-line elementor-widget elementor-widget-divider\" data-id=\"c0e1a60\" data-element_type=\"widget\" data-e-type=\"widget\" data-widget_type=\"divider.default\">\n\t\t\t\t<div class=\"elementor-widget-container\">\n\t\t\t\t\t\t\t<div class=\"elementor-divider\">\n\t\t\t<span class=\"elementor-divider-separator\">\n\t\t\t\t\t\t<\/span>\n\t\t<\/div>\n\t\t\t\t\t\t<\/div>\n\t\t\t\t<\/div>\n\t\t\t\t<div class=\"elementor-element elementor-element-cd004ed animated-slow elementor-invisible elementor-widget elementor-widget-text-editor\" data-id=\"cd004ed\" data-element_type=\"widget\" data-e-type=\"widget\" data-settings=\"{&quot;_animation&quot;:&quot;fadeInUp&quot;}\" data-widget_type=\"text-editor.default\">\n\t\t\t\t<div class=\"elementor-widget-container\">\n\t\t\t\t\t\t\t\t\t<p>Este es su examen final en el DPS e incluye Pre-Viaje, Maniobra y Prueba de Carretera. <b>Toma nota de lo siguiente:<br \/>AUTOM\u00c1TICO: 2 pruebas gratuitas y al 3er intento tendr\u00e1s que pagar 250 $ de alquiler del cami\u00f3n.<br \/>IMPORTANTE:<\/b> El horario de las citas se fijar\u00e1 en funci\u00f3n de la disponibilidad de camiones y todos los estudiantes deber\u00e1n efectuar el pago un d\u00eda antes de la prueba.<b>Si no lo haces, se cancelar\u00e1 autom\u00e1ticamente y contar\u00e1 como tu primer intento. <\/b><\/p>\t\t\t\t\t\t\t\t<\/div>\n\t\t\t\t<\/div>\n\t\t\t\t<div class=\"elementor-element elementor-element-b0e53a3 animated-slow elementor-invisible elementor-widget elementor-widget-heading\" data-id=\"b0e53a3\" data-element_type=\"widget\" data-e-type=\"widget\" data-settings=\"{&quot;_animation&quot;:&quot;fadeInUp&quot;}\" data-widget_type=\"heading.default\">\n\t\t\t\t<div class=\"elementor-widget-container\">\n\t\t\t\t\t<h6 class=\"elementor-heading-title elementor-size-default\">DOCUMENTOS NECESARIOS PARA LA PRUEBA EN CARRETERA:<\/h6>\t\t\t\t<\/div>\n\t\t\t\t<\/div>\n\t\t\t\t<div class=\"elementor-element elementor-element-614ef83 animated-slow elementor-invisible elementor-widget elementor-widget-text-editor\" data-id=\"614ef83\" data-element_type=\"widget\" data-e-type=\"widget\" data-settings=\"{&quot;_animation&quot;:&quot;fadeInUp&quot;}\" data-widget_type=\"text-editor.default\">\n\t\t\t\t<div class=\"elementor-widget-container\">\n\t\t\t\t\t\t\t\t\t<ol><li>Permiso de conducir<\/li><li>Prueba de ciudadan\u00eda estadounidense o prueba de presencia legal<\/li><li>Tarjeta del n\u00famero de la Seguridad Social<\/li><li>Tarjeta m\u00e9dica DOT<\/li><li>Dos (2) pruebas de residencia en Texas<\/li><li>Gafas, si las lleva<\/li><li>$69.00 - $120.00 Tasa de examen de CDL<\/li><\/ol>\t\t\t\t\t\t\t\t<\/div>\n\t\t\t\t<\/div>\n\t\t\t\t<div class=\"elementor-element elementor-element-c4e206c elementor-widget elementor-widget-latepoint_book_button\" data-id=\"c4e206c\" data-element_type=\"widget\" data-e-type=\"widget\" data-widget_type=\"latepoint_book_button.default\">\n\t\t\t\t<div class=\"elementor-widget-container\">\n\t\t\t\t\t<div class=\"latepoint-book-button-wrapper elementor-button-wrapper\"><a href=\"#\" class=\"latepoint-book-button os_trigger_booking elementor-button elementor-button-link elementor-size-sm\" data-hide-side-panel=\"no\" data-hide-summary=\"no\" >Concierte una cita<\/a><\/div>\t\t\t\t<\/div>\n\t\t\t\t<\/div>\n\t\t\t\t<\/div>\n\t\t\t\t\t<\/div>\n\t\t\t\t<\/div>\n\t\t\t\t<\/div>","protected":false},"excerpt":{"rendered":"<p>WHAT YOUNEED TOKNOW Step 1: Required DocumentsFor Class A CLP Training The following are mandatory and required for your Commercial [&hellip;]<\/p>\n","protected":false},"author":1,"featured_media":0,"parent":0,"menu_order":0,"comment_status":"closed","ping_status":"closed","template":"","meta":{"site-sidebar-layout":"no-sidebar","site-content-layout":"","ast-site-content-layout":"full-width-container","site-content-style":"default","site-sidebar-style":"default","ast-global-header-display":"","ast-banner-title-visibility":"","ast-main-header-display":"","ast-hfb-above-header-display":"","ast-hfb-below-header-display":"","ast-hfb-mobile-header-display":"","site-post-title":"disabled","ast-breadcrumbs-content":"","ast-featured-img":"disabled","footer-sml-layout":"","ast-disable-related-posts":"","theme-transparent-header-meta":"","adv-header-id-meta":"","stick-header-meta":"","header-above-stick-meta":"","header-main-stick-meta":"","header-below-stick-meta":"","astra-migrate-meta-layouts":"default","ast-page-background-enabled":"default","ast-page-background-meta":{"desktop":{"background-color":"var(--ast-global-color-4)","background-image":"","background-repeat":"repeat","background-position":"center center","background-size":"auto","background-attachment":"scroll","background-type":"","background-media":"","overlay-type":"","overlay-color":"","overlay-opacity":"","overlay-gradient":""},"tablet":{"background-color":"","background-image":"","background-repeat":"repeat","background-position":"center center","background-size":"auto","background-attachment":"scroll","background-type":"","background-media":"","overlay-type":"","overlay-color":"","overlay-opacity":"","overlay-gradient":""},"mobile":{"background-color":"","background-image":"","background-repeat":"repeat","background-position":"center center","background-size":"auto","background-attachment":"scroll","background-type":"","background-media":"","overlay-type":"","overlay-color":"","overlay-opacity":"","overlay-gradient":""}},"ast-content-background-meta":{"desktop":{"background-color":"var(--ast-global-color-5)","background-image":"","background-repeat":"repeat","background-position":"center center","background-size":"auto","background-attachment":"scroll","background-type":"","background-media":"","overlay-type":"","overlay-color":"","overlay-opacity":"","overlay-gradient":""},"tablet":{"background-color":"var(--ast-global-color-5)","background-image":"","background-repeat":"repeat","background-position":"center center","background-size":"auto","background-attachment":"scroll","background-type":"","background-media":"","overlay-type":"","overlay-color":"","overlay-opacity":"","overlay-gradient":""},"mobile":{"background-color":"var(--ast-global-color-5)","background-image":"","background-repeat":"repeat","background-position":"center center","background-size":"auto","background-attachment":"scroll","background-type":"","background-media":"","overlay-type":"","overlay-color":"","overlay-opacity":"","overlay-gradient":""}},"footnotes":""},"class_list":["post-45","page","type-page","status-publish","hentry"],"_links":{"self":[{"href":"https:\/\/firstclasscdlacademy.com\/es\/wp-json\/wp\/v2\/pages\/45","targetHints":{"allow":["GET"]}}],"collection":[{"href":"https:\/\/firstclasscdlacademy.com\/es\/wp-json\/wp\/v2\/pages"}],"about":[{"href":"https:\/\/firstclasscdlacademy.com\/es\/wp-json\/wp\/v2\/types\/page"}],"author":[{"embeddable":true,"href":"https:\/\/firstclasscdlacademy.com\/es\/wp-json\/wp\/v2\/users\/1"}],"replies":[{"embeddable":true,"href":"https:\/\/firstclasscdlacademy.com\/es\/wp-json\/wp\/v2\/comments?post=45"}],"version-history":[{"count":20,"href":"https:\/\/firstclasscdlacademy.com\/es\/wp-json\/wp\/v2\/pages\/45\/revisions"}],"predecessor-version":[{"id":1689,"href":"https:\/\/firstclasscdlacademy.com\/es\/wp-json\/wp\/v2\/pages\/45\/revisions\/1689"}],"wp:attachment":[{"href":"https:\/\/firstclasscdlacademy.com\/es\/wp-json\/wp\/v2\/media?parent=45"}],"curies":[{"name":"wp","href":"https:\/\/api.w.org\/{rel}","templated":true}]}}